{"id":111,"date":"2019-11-16T11:31:08","date_gmt":"2019-11-16T11:31:08","guid":{"rendered":"https:\/\/boehler-training.at\/?page_id=111"},"modified":"2024-05-21T13:49:06","modified_gmt":"2024-05-21T13:49:06","slug":"mein-angebot","status":"publish","type":"page","link":"https:\/\/boehler-training.at\/","title":{"rendered":"Mein Angebot"},"content":{"rendered":"\n<p class=\"has-very-dark-gray-color has-text-color\">Seminare zu folgenden Themenbereichen:<\/p>\n\n\n\n<ul>\n<li>Kommunikation und Interaktion<\/li>\n\n\n\n<li>F\u00fchren in turbulenten Zeiten<\/li>\n\n\n\n<li>Konfliktmanagement<\/li>\n\n\n\n<li>Konfliktkompetenz f\u00fcr F\u00fchrungskr\u00e4fte<\/li>\n\n\n\n<li>Verhandlungstechnik nach dem \u201eHarvard Konzept\u201c<\/li>\n\n\n\n<li>&#8222;Alles&#8220; rund um das Typologie-Modell DISG<\/li>\n<\/ul>\n\n\n\n<p>&#8212;&#8212;&#8212;&#8212;&#8212;&#8212;&#8212;&#8212;&#8212;&#8212;&#8212;&#8212;&#8212;&#8212;&#8212;&#8212;&#8212;&#8212;&#8212;&#8212;&#8212;&#8212;&#8212;&#8212;&#8212;&#8212;&#8212;&#8212;&#8212;&#8212;&#8212;&#8211;<\/p>\n\n\n\n<p>Mediation<\/p>\n\n\n\n<ul>\n<li>Als beim Bundesministerium f\u00fcr Justiz eingetragener Mediator f\u00fchre ich Mediationen nach dem Zivilrechtsmediationsgesetz durch<\/li>\n<\/ul>\n\n\n\n<p> &#8212;&#8212;&#8212;&#8212;&#8212;&#8212;&#8212;&#8212;&#8212;&#8212;&#8212;&#8212;&#8212;&#8212;&#8212;&#8212;&#8212;&#8212;&#8212;&#8212;&#8212;&#8212;&#8212;&#8212;&#8212;&#8212;&#8212;&#8212;&#8212;&#8212;&#8212;&#8211; <\/p>\n\n\n\n<p>Konfliktmanagement und Konfliktberatung<\/p>\n\n\n\n<p> &#8212;&#8212;&#8212;&#8212;&#8212;&#8212;&#8212;&#8212;&#8212;&#8212;&#8212;&#8212;&#8212;&#8212;&#8212;&#8212;&#8212;&#8212;&#8212;&#8212;&#8212;&#8212;&#8212;&#8212;&#8212;&#8212;&#8212;&#8212;&#8212;&#8212;&#8212;&#8211; <\/p>\n\n\n\n<p>Moderation von Klausuren und Workshops<\/p>\n","protected":false},"excerpt":{"rendered":"<p>Seminare zu folgenden Themenbereichen: &#8212;&#8212;&#8212;&#8212;&#8212;&#8212;&#8212;&#8212;&#8212;&#8212;&#8212;&#8212;&#8212;&#8212;&#8212;&#8212;&#8212;&#8212;&#8212;&#8212;&#8212;&#8212;&#8212;&#8212;&#8212;&#8212;&#8212;&#8212;&#8212;&#8212;&#8212;&#8211; Mediation &#8212;&#8212;&#8212;&#8212;&#8212;&#8212;&#8212;&#8212;&#8212;&#8212;&#8212;&#8212;&#8212;&#8212;&#8212;&#8212;&#8212;&#8212;&#8212;&#8212;&#8212;&#8212;&#8212;&#8212;&#8212;&#8212;&#8212;&#8212;&#8212;&#8212;&#8212;&#8211; Konfliktmanagement und Konfliktberatung &#8212;&#8212;&#8212;&#8212;&#8212;&#8212;&#8212;&#8212;&#8212;&#8212;&#8212;&#8212;&#8212;&#8212;&#8212;&#8212;&#8212;&#8212;&#8212;&#8212;&#8212;&#8212;&#8212;&#8212;&#8212;&#8212;&#8212;&#8212;&#8212;&#8212;&#8212;&#8211; Moderation von Klausuren und Workshops<\/p>\n","protected":false},"author":1,"featured_media":0,"parent":0,"menu_order":0,"comment_status":"closed","ping_status":"closed","template":"","meta":{"footnotes":""},"_links":{"self":[{"href":"https:\/\/boehler-training.at\/index.php\/wp-json\/wp\/v2\/pages\/111"}],"collection":[{"href":"https:\/\/boehler-training.at\/index.php\/wp-json\/wp\/v2\/pages"}],"about":[{"href":"https:\/\/boehler-training.at\/index.php\/wp-json\/wp\/v2\/types\/page"}],"author":[{"embeddable":true,"href":"https:\/\/boehler-training.at\/index.php\/wp-json\/wp\/v2\/users\/1"}],"replies":[{"embeddable":true,"href":"https:\/\/boehler-training.at\/index.php\/wp-json\/wp\/v2\/comments?post=111"}],"version-history":[{"count":19,"href":"https:\/\/boehler-training.at\/index.php\/wp-json\/wp\/v2\/pages\/111\/revisions"}],"predecessor-version":[{"id":194,"href":"https:\/\/boehler-training.at\/index.php\/wp-json\/wp\/v2\/pages\/111\/revisions\/194"}],"wp:attachment":[{"href":"https:\/\/boehler-training.at\/index.php\/wp-json\/wp\/v2\/media?parent=111"}],"curies":[{"name":"wp","href":"https:\/\/api.w.org\/{rel}","templated":true}]}}