{"id":32,"date":"2019-11-14T10:43:18","date_gmt":"2019-11-14T10:43:18","guid":{"rendered":"https:\/\/boehler-training.at\/?page_id=32"},"modified":"2020-09-04T09:00:03","modified_gmt":"2020-09-04T09:00:03","slug":"uber-mich","status":"publish","type":"page","link":"https:\/\/boehler-training.at\/index.php\/uber-mich\/","title":{"rendered":"Leistungs\u00fcbersicht"},"content":{"rendered":"\n<p><strong>Kommunikation und Gespr\u00e4chsf\u00fchrung<\/strong><\/p>\n\n\n\n<ul><li>aktiv &#8211; \u00fcberzeugend &#8211; l\u00f6sungsorientiert<\/li><li>Methodisch und didaktisch basierend auf psychologischen und neuro-biologischen Erkenntnissen<\/li><li>Erg\u00e4nzt durch die Bereiche Fragetechnik, Schlagfertigkeit, Argumentationsstrategien, Rhetorik, &#8230;<\/li><li>Gespr\u00e4chsf\u00fchrung mit bew\u00e4hrten Techniken aus der Mediation<\/li><\/ul>\n\n\n\n<p><strong>F\u00fchrung<\/strong><\/p>\n\n\n\n<ul><li>F\u00fchrungskompetenz &#8211; Sozialkompetenz<\/li><li>Kommunikationskompetenz f\u00fcr F\u00fchrungskr\u00e4fte<\/li><li>Konfliktkompetenz f\u00fcr F\u00fchrungskr\u00e4fte<\/li><li>Mediationstechniken f\u00fcr den F\u00fchrungsalltag<ul><li>Werkzeuge, Techniken, Methoden aus der Mediationspraxis<\/li><\/ul><\/li><li>Generationenmanagement &#8211; F\u00fchren im Generationenmix<\/li><\/ul>\n\n\n\n<p><strong>Konfliktmanagement und Beratung<\/strong><\/p>\n\n\n\n<ul><li>Konstruktiver Umgang mit Konflikten<\/li><li>Erh\u00f6hung der Konfliktf\u00e4higkeit als Teil der sozialen Kompetenz<\/li><li>Reflexionsverm\u00f6gen und bewusster Umgang mit konfliktreichen Situationen<\/li><\/ul>\n\n\n\n<p><strong>Verhandlungstechnik<\/strong><\/p>\n\n\n\n<ul><li>Verhandlungstechnik und Gespr\u00e4chsf\u00fchrung nach dem &#8222;Harvard Konzept&#8220; <\/li><li>Verhandlungstools aus der Mediation<\/li><\/ul>\n\n\n\n<p><strong>Mediation<\/strong><\/p>\n\n\n\n<ul><li>Mediation in wirtschaftlichem Kontext<\/li><\/ul>\n\n\n\n<p><strong>Moderation von (Team-) Klausuren und Workshops<\/strong><\/p>\n\n\n\n<p><strong>Grenzen setzen &#8211; NEIN sagen<\/strong><\/p>\n\n\n\n<ul><li>&#8222;Die St\u00e4rke, freundlich NEIN zu sagen&#8220;<\/li><\/ul>\n\n\n\n<p><\/p>\n","protected":false},"excerpt":{"rendered":"<p>Kommunikation und Gespr\u00e4chsf\u00fchrung aktiv &#8211; \u00fcberzeugend &#8211; l\u00f6sungsorientiert Methodisch und didaktisch basierend auf psychologischen und neuro-biologischen Erkenntnissen Erg\u00e4nzt durch die Bereiche Fragetechnik, Schlagfertigkeit, Argumentationsstrategien, Rhetorik, &#8230; Gespr\u00e4chsf\u00fchrung mit bew\u00e4hrten Techniken aus der Mediation F\u00fchrung F\u00fchrungskompetenz &#8211; Sozialkompetenz Kommunikationskompetenz f\u00fcr F\u00fchrungskr\u00e4fte Konfliktkompetenz f\u00fcr F\u00fchrungskr\u00e4fte Mediationstechniken f\u00fcr den F\u00fchrungsalltag Werkzeuge, Techniken, Methoden aus der Mediationspraxis Generationenmanagement &#8211; &hellip; <\/p>\n<p class=\"link-more\"><a href=\"https:\/\/boehler-training.at\/index.php\/uber-mich\/\" class=\"more-link\">Continue reading<span class=\"screen-reader-text\"> &#8222;Leistungs\u00fcbersicht&#8220;<\/span><\/a><\/p>\n","protected":false},"author":1,"featured_media":0,"parent":0,"menu_order":0,"comment_status":"closed","ping_status":"closed","template":"","meta":{"footnotes":""},"_links":{"self":[{"href":"https:\/\/boehler-training.at\/index.php\/wp-json\/wp\/v2\/pages\/32"}],"collection":[{"href":"https:\/\/boehler-training.at\/index.php\/wp-json\/wp\/v2\/pages"}],"about":[{"href":"https:\/\/boehler-training.at\/index.php\/wp-json\/wp\/v2\/types\/page"}],"author":[{"embeddable":true,"href":"https:\/\/boehler-training.at\/index.php\/wp-json\/wp\/v2\/users\/1"}],"replies":[{"embeddable":true,"href":"https:\/\/boehler-training.at\/index.php\/wp-json\/wp\/v2\/comments?post=32"}],"version-history":[{"count":15,"href":"https:\/\/boehler-training.at\/index.php\/wp-json\/wp\/v2\/pages\/32\/revisions"}],"predecessor-version":[{"id":187,"href":"https:\/\/boehler-training.at\/index.php\/wp-json\/wp\/v2\/pages\/32\/revisions\/187"}],"wp:attachment":[{"href":"https:\/\/boehler-training.at\/index.php\/wp-json\/wp\/v2\/media?parent=32"}],"curies":[{"name":"wp","href":"https:\/\/api.w.org\/{rel}","templated":true}]}}