{"id":75,"date":"2019-11-14T14:24:02","date_gmt":"2019-11-14T14:24:02","guid":{"rendered":"https:\/\/boehler-training.at\/?page_id=75"},"modified":"2024-05-21T13:54:41","modified_gmt":"2024-05-21T13:54:41","slug":"datenschutz","status":"publish","type":"page","link":"https:\/\/boehler-training.at\/index.php\/datenschutz\/","title":{"rendered":"Datenschutz"},"content":{"rendered":"\n<p><strong>DATENSCHUTZ\u00adERKL\u00c4RUNG<\/strong><\/p>\n\n\n\n<p>Diese Website wird betrieben von &#8222;B\u00f6hler GmbH&#8220; Vertreten durch Mag. Michael B\u00f6hler (Selbst\u00e4ndiger Trainer, eingetragener Unternehmensberater, eingetragener Mediator), in der Folge \u201eich\u201c, \u201emir\u201c, mit Sitz in der Sagm\u00fchle 10, 4204 Reichenau. In dieser Datenschutzerkl\u00e4rung wird von mir als Verantwortlichem nach Art. 4 Abs. 7 EU-DSGVO beschrieben, welche Daten bei Ihrem Besuch auf dieser Website erheben und zu welchem Zweck ich diese verarbeite. Alle relevanten Kontaktdaten entnehmen Sie bitte Punkt 9 dieser Datenschutzerkl\u00e4rung. Da mir der Schutz Ihrer personenbezogenen Daten ein besonderes Anliegen ist, halte ich mich beim Erheben und Verarbeiten Ihrer personenbezogenen Daten streng an die gesetzlichen Vorgaben des DSG und der EU-DSGVO.&nbsp; Im Folgenden informiere ich Sie detailliert \u00fcber den Umfang und den Zweck der Datenverarbeitung sowie Ihre Rechte als Betroffene\/r der Datenverarbeitung. Lesen Sie diese Datenschutzerkl\u00e4rung daher bitte genau durch, bevor Sie diese Website weiter nutzen und gegebenenfalls Ihre Einwilligung zu einer Datenverarbeitung geben.<\/p>\n\n\n\n<p><strong>1. Personenbezogene Daten<\/strong><\/p>\n\n\n\n<p>Die Nutzung unserer Website ist grunds\u00e4tzlich ohne Angabe von\npersonenbezogenen Daten m\u00f6glich. F\u00fcr die Nutzung einzelner Services k\u00f6nnen sich\njedoch abweichende Regelungen ergeben, auf die Sie gesondert hingewiesen werden.<br>\nVon mir werden also \u2013 abgesehen von den nachfolgend noch im Detail\nbeschriebenen Cookies \u2013 grunds\u00e4tzlich nur diejenigen Daten erfasst und\ngespeichert, die Sie mir selbst dadurch mitteilen, dass Sie diese in den\nEingabemasken einf\u00fcgen oder auf sonstige Art und Weise aktiv mit der Website\ninteragieren.<br>\nPersonenbezogene Daten sind alle Informationen, die sich auf eine\nidentifizierte oder identifizierbare nat\u00fcrliche Person beziehen. Darunter\nfallen beispielsweise Ihr Namen, Ihre Anschrift, Ihre Telefonnummer oder Ihr\nGeburtsdatum, aber auch Ihre IP-Adresse oder Geolokationsdaten, die einen\nR\u00fcckschluss auf Sie zulassen.<\/p>\n\n\n\n<p><strong>2 . Verwendung von Cookies<\/strong><\/p>\n\n\n\n<p>a. Sofern Sie meine Website lediglich zu Informationszwecken nutzen,\nalso wenn Sie sich nicht f\u00fcr einen Service registrieren oder \u2013 etwa \u00fcber ein\nKontaktformular \u2013anderweitig Informationen \u00fcbermitteln, erhebe ich nur die\npersonenbezogenen Daten, die Ihr Browser an meinen Server \u00fcbermittelt. Sofern\nSie also meine Website besuchen m\u00f6chten, erhebe ich die nachfolgend angef\u00fchrten\nDaten, die technisch erforderlich sind, um Ihnen die Website anzuzeigen und\nderen Stabilit\u00e4t und Sicherheit gem. Art. 6 Abs. 1 S. 1 lit. f EU-DSGVO zu\ngew\u00e4hrleisten:<\/p>\n\n\n\n<p>\u2022IP-Adresse<\/p>\n\n\n\n<p>\u2022Datum und Uhrzeit der Anfrage<\/p>\n\n\n\n<p>\u2022Zeitzonendifferenz zur Greenwich Mean Time (GMT)<\/p>\n\n\n\n<p>\u2022Inhalt der Anforderung<\/p>\n\n\n\n<p>\u2022Zugriffsstatus \/ http-Statuscode<\/p>\n\n\n\n<p>\u2022Jeweils \u00fcbertragene Datenmenge<\/p>\n\n\n\n<p>\u2022Website, von der die Anforderung kommt<\/p>\n\n\n\n<p>\u2022Verwendeter Browser<\/p>\n\n\n\n<p>\u2022Betriebssystem und dessen Oberfl\u00e4che<\/p>\n\n\n\n<p>\u2022Sprache und Version der Browsersoftware<\/p>\n\n\n\n<p>Erg\u00e4nzend zu den zuvor genannten Daten werden bei Ihrer Nutzung meiner\nWebsite First und Third-Party Cookies auf Ihrem Rechner gespeichert; dies sind\nkleine Textdateien, die auf Ihrer Festplatte in dem von Ihnen verwendeten\nBrowser zugeordnet gespeichert werden. Die Stelle, die einen Cookie setzt (hier\nerfolgt dies durch mich und die nachstehend angef\u00fchrten Dritten), erh\u00e4lt\ndadurch bestimmte Informationen. Diese Cookies ben\u00f6tige ich einerseits um Sie\nals Nutzer der Website zu erkennen und andererseits, um die Nutzung der\nServices nachvollziehbar machen zu k\u00f6nnen.<br>\nMan kann grunds\u00e4tzlich zwischen First Party Cookies und Third Party Cookies\nunterscheiden.<br>\n\u2022First Party Cookies<br>\nFirst Party Cookies werden von mir bzw. meiner Website selbst in Ihrem Browser\ngespeichert, um Ihnen ein bestm\u00f6gliches Nutzungserlebnis zu bieten. Dabei\nhandelt es sich insbesondere um funktionale Cookies.<\/p>\n\n\n\n<p>\u2022Third Party Cookies<br>\nThird Party Cookies werden von einem Drittanbieter in Ihrem Browser\ngespeichert. Dabei handelt es sich zumeist um Tracking- oder Marketingtools,\ndie einerseits ihr Nutzerverhalten auswerten und zum anderen dem Drittanbieter\ndie M\u00f6glichkeit bieten, Sie auch auf anderen besuchten Websites\nwiederzuerkennen. Grunds\u00e4tzlich basiert beispielsweise Retarget Marketing auf\nder Funktion derartiger Cookies.<\/p>\n\n\n\n<p>b. Unsere Website(s) nutzen folgende Arten von Cookies, deren Umfang und\nFunktionsweise im Folgenden erl\u00e4utert werden:<\/p>\n\n\n\n<p>\u2022Transiente Cookies<br>\nTransiente Cookies werden automatisiert gel\u00f6scht, wenn Sie Ihren Browser\nschlie\u00dfen. Dazu z\u00e4hlen insbesondere Session-Cookies, diese speichern eine\nsogenannte Session-ID, mit welcher sich verschiedene Anfragen Ihres Browsers\nder gemeinsamen Sitzung zuordnen lassen. Dadurch kann Ihr Rechner wiedererkannt\nwerden, wenn Sie auf unsere Website zur\u00fcckkehren. Diese Session-Cookies werden\ngel\u00f6scht, wenn Sie sich ausloggen oder den Browser schlie\u00dfen.<\/p>\n\n\n\n<p>\u2022 Persistente Cookies<br>\nPersistente Cookies werden automatisiert nach einer vorgegebenen Dauer\ngel\u00f6scht, die sich je nach Cookie unterscheiden kann. Sie selbst k\u00f6nnen die\nCookies jedoch in Ihren Browsereinstellungen jederzeit l\u00f6schen.<\/p>\n\n\n\n<p>c. Es ist Ihnen m\u00f6glich, Ihre Browsereinstellungen dahingehend\nabzu\u00e4ndern, dass Sie beispielsweise die Annahme von Third-Party-Cookies oder\nallen Cookies ablehnen. In diesem Fall muss ich Sie jedoch darauf hinweisen,\ndass Sie eventuell nicht mehr alle Funktionen dieser Website nutzen k\u00f6nnen.<\/p>\n\n\n\n<p>d. Ich setze auch Cookies ein, um Sie f\u00fcr Folgebesuche identifizieren zu\nk\u00f6nnen, falls Sie \u00fcber einen Account bei mir verf\u00fcgen \u2013 andernfalls m\u00fcssen Sie\nsich bei jedem Besuch neu einloggen.<\/p>\n\n\n\n<p><strong>3. Erhebung und Verarbeitung\npersonenbezogener Daten<\/strong><\/p>\n\n\n\n<p>Personenbezogene Daten, die \u00fcber die durch Cookies gespeicherten\nInformationen hinausgehen, werden ausschlie\u00dflich verarbeitet, wenn Sie mir\ndiese von sich aus freiwillig mitteilen, beispielsweise wenn Sie sich bei mir\nregistrieren, in eine Vertragsbeziehung mit mir eintreten oder sonst mit mir in\nKontakt treten. Dabei handelt es sich ausschlie\u00dflich um Kontaktdaten sowie\nInformationen zu den Anliegen, mit denen Sie an mich herantreten. Ich verwenden\ndie von Ihnen angegebenen personenbezogenen Daten ausschlie\u00dflich insoweit, als\ndies im Rahmen der Erf\u00fcllung des jeweiligen Zwecks der Verarbeitung (z.B. die\nRegistrierung, die Newsletter-Versendung, die Abwicklung einer Bestellung, das\nZusenden von Informationsmaterial und Werbung, die Abwicklung eines Gewinnspieles,\ndie Beantwortung einer Frage, die Erm\u00f6glichung des Zugangs zu bestimmten\nInformationen) erforderlich und dies gesetzlich (insb. gem. Art. 6 EU-DSGVO)\nzul\u00e4ssig ist (z.B. die Aussendung von Werbung und Informationsmaterial an\nBestandskunden). Zweck der Verarbeitung Ihrer Daten ist das Betreiben meiner\nWebsite und die zielgerichtete Zurverf\u00fcgungstellung von\nunternehmensspezifischen Informationen samt der Darstellung des Angebots\nunserer Waren und Dienstleitungen (Marketing). Eine dar\u00fcberhinausgehende\nVerwendung Ihrer Daten findet nur insoweit statt, als Sie zuvor ausdr\u00fccklich\neingewilligt haben. Ihre Einwilligung k\u00f6nnen Sie \u2013 wie nachstehend noch\ndetailliert erl\u00e4utert \u2013 jederzeit f\u00fcr die Zukunft widerrufen.<\/p>\n\n\n\n<p><strong>4.&nbsp; Speicherdauer<\/strong><\/p>\n\n\n\n<p>Daten, die Sie ausschlie\u00dflich zur Kundenbetreuung bzw. f\u00fcr Marketing und\nInformationszwecke zur Verf\u00fcgung gestellt haben, speichere ich grunds\u00e4tzlich\nbis zum Ablauf von drei Jahren nach unserem letzten Kontakt. Sofern Sie dies\nw\u00fcnschen, werde ich Ihre Daten jedoch auch vor Ablauf dieser Frist l\u00f6schen,\nsofern kein gesetzliches Hindernis dem entgegensteht. Im Falle einer\/s\nVertragsanbahnung bzw. -abschlusses verarbeite ich Ihre personenbezogenen Daten\nnach vollst\u00e4ndiger Vertragsabwicklung bis zum Ablauf der f\u00fcr uns geltenden Garantie-,\nGew\u00e4hrleistungs-, Verj\u00e4hrungs- und gesetzlichen Aufbewahrungsfristen, dar\u00fcber\nhinaus bis zur Beendigung von allf\u00e4lligen Rechtsstreitigkeiten, bei denen die\nDaten als Beweis ben\u00f6tigt werden.<\/p>\n\n\n\n<p><strong>5. Verwendete Tools und Applikationen<\/strong><\/p>\n\n\n\n<p>Ich verwenden Google Analytics, dabei handelt es sich um einen\nWebanalysedienst der Google Inc., 1600 Amphitheatre Parkway, Mountain View, CA\n94043, USA. Dieser Dienst verwendet Cookies, deren Funktionalit\u00e4t bereits zuvor\nausf\u00fchrlich dargelegt wurde. Die durch diese Cookies erzeugten Informationen\n\u00fcber Ihre Benutzung dieser Website werden in der Regel an einen Server von\nGoogle \u00fcbertragen und dort gespeichert. In unserem Auftrag benutzt Google diese\nInformationen,&nbsp;um Ihre Nutzung dieser Website auszuwerten,&nbsp; um\nReports \u00fcber die Websiteaktivit\u00e4ten zusammenzustellen und um weitere mit der\nWebsitenutzung und der Internetnutzung verbundene Dienstleistungen gegen\u00fcber\ndem Websitebetreiber zu erbringen. Die im Rahmen von Google Analytics von Ihrem\nBrowser \u00fcbermittelte IP-Adresse wird nicht mit anderen Daten von Google\nzusammengef\u00fchrt. Sie k\u00f6nnen die Speicherung der von Google Analytics ben\u00f6tigten\nCookies durch eine entsprechende Einstellung Ihrer Browser-Software verhindern,\nwas allerdings dazu f\u00fchren kann, dass Sie gegebenenfalls nicht s\u00e4mtliche\nFunktionen dieser Website voll umf\u00e4nglich nutzen k\u00f6nnen. Die Erfassung der\ndurch das Cookie erzeugten und auf Ihre Nutzung der Website bezogenen Daten\n(inkl. Ihrer IP-Adresse) sowie deren \u00dcbermittlung und Verarbeitung durch Google\nk\u00f6nnen Sie auch verhindern, indem sie das unter dem folgenden Link verf\u00fcgbare\nBrowser-Plugin herunterladen und installieren:<\/p>\n\n\n\n<figure class=\"wp-block-embed\"><div class=\"wp-block-embed__wrapper\">\nhttp:\/\/tools.google.com\/dlpage\/gaoptout?hl=de\n<\/div><\/figure>\n\n\n\n<p>Sollten Sie\nweiterf\u00fchrende Informationen zu Art, Umfang und Zweck der von Google erhobenen\nDaten informieren wollen, empfehle ich Ihnen, deren Datenschutzbestimmungen zu\nlesen.<a href=\"https:\/\/support.google.com\/analytics\/answer\/6004245?hl=de\">&nbsp;https:\/\/support.google.com\/analytics\/answer\/6004245?hl=de<\/a><\/p>\n\n\n\n<p>Google verarbeitet\nIhre Daten auch in den USA und hat sich dem EU-US Privacy Shield unterworfen.\nDurch den Besuch dieser Website erh\u00e4lt Google die Information, dass Sie die\nentsprechende Subsite der Website aufgerufen haben und die unter 2. angef\u00fchrten\npersonenbezogenen Daten. Dies erfolgt unabh\u00e4ngig davon, ob Sie \u00fcber einen\nGoogle-Account eingeloggt sind oder nicht. Sofern Sie bei Google eingeloggt\nsind, werden Ihre Daten direkt Ihrem Account zugeordnet. Sofern Sie dies nicht\nw\u00fcnschen, m\u00fcssen Sie sich vor Nutzung dieses Service bei Google ausloggen.\nGoogle nutzt Ihre Daten zu Zwecken der Werbung, Marktforschung und\nbedarfsgerechter<br>\nWebsitegestaltung. Ihnen steht ein Widerspruchsrecht gegen die diesbez\u00fcgliche\nNutzung Ihrer Daten zu, das Sie direkt an Google richten m\u00fcssen.<br>\nWeitere Informationen zu Zweck und Umfang der Datenerhebung erhalten Sie in der\nDatenschutzerkl\u00e4rung von Google, diese finden Sie unter&nbsp;<a href=\"http:\/\/www.google.de\/intl\/de\/policies\/privacy\">http:\/\/www.google.de\/intl\/de\/policies\/privacy<\/a>.\nGoogle verarbeitet Ihre Daten auch in den USA und hat sich dem EU-US Privacy\nShield unterworfen.<\/p>\n\n\n\n<p>Auf unserer Website setzen wir auch Links zu anderen Websites; dies\nerfolgt lediglich zu Informationszwecken. Diese Websites stehen nicht unter\nunserer Kontrolle und fallen daher nicht unter die Bestimmungen dieser\nDatenschutzerkl\u00e4rung. Sollten Sie jedoch einen Link aktivieren, ist es m\u00f6glich,\ndass der Betreiber dieser Website Daten \u00fcber Sie erhebt und diese gem\u00e4\u00df seiner\nDatenschutzerkl\u00e4rung, die von meiner abweichen kann, verarbeitet. Bitte\ninformieren Sie sich stets auch auf den von mir verlinkten Websites \u00fcber die\naktuellen Datenschutzbestimmungen.<\/p>\n\n\n\n<p><strong>6. Daten\u00fcbermittlung<\/strong><\/p>\n\n\n\n<p>Eine \u00dcbermittlung Ihrer Daten an Dritte findet grunds\u00e4tzlich nicht\nstatt, es sei denn, ich bin gesetzlich dazu verpflichtet, die Datenweitergabe\nist zur Durchf\u00fchrung eines zwischen uns abgeschlossenen Vertragsverh\u00e4ltnisses\nerforderlich oder Sie haben zuvor ausdr\u00fccklich in die Weitergabe Ihrer Daten\neingewilligt. Externe Auftragsverarbeiter oder sonstige Kooperationspartner\nerhalten Ihre Daten nur, soweit dies zur Vertragsabwicklung erforderlich ist\noder ich ein berechtigtes Interesse daran haben, das ich stets im Anlassfall\ngesondert bekannt gebe. Soweit einer meiner Auftragsverarbeiter mit Ihren\npersonenbezogenen Daten in Ber\u00fchrung kommt, stelle ich sicher, dass diese die\nVorschriften der Datenschutzgesetze in gleicher Weise einh\u00e4lt wie ich.<br>\nIhre personenbezogenen Daten werden von mir nicht an konzernfremde Dritte\nver\u00e4u\u00dfert oder anderweitig vermarktet. Sofern meine Vertragspartner oder\nAuftragsverarbeiter ihren Sitz in einem Drittland, also einem Staat au\u00dferhalb\ndes Europ\u00e4ischen Wirtschaftsraums (EWR) haben, informieren wir Sie \u00fcber die\nFolgen dieses Umstands in der Beschreibung des Angebots.<\/p>\n\n\n\n<p><strong>7. Sicherheit<\/strong><\/p>\n\n\n\n<p>Ich setze zahlreiche technische und organisatorische\nSicherheitsma\u00dfnahmen ein, um Ihre Daten gegen Manipulationen, Verlust,\nZerst\u00f6rung und gegen den Zugriff Dritter zu sch\u00fctzen. Die Sicherheitsma\u00dfnahmen\nwerden entsprechend der technologischen Entwicklung im Internet laufend\nverbessert. Sollten Sie n\u00e4here Informationen zu Art und Umfang der von mir\nergriffenen technischen und organisatorischen Ma\u00dfnahmen haben, stehe ich f\u00fcr\ndiesbez\u00fcgliche schriftliche Anfragen jederzeit gerne zur Verf\u00fcgung.<\/p>\n\n\n\n<p><strong>8. Ihre Rechte<\/strong><\/p>\n\n\n\n<p>Gem\u00e4\u00df der Datenschutz-Grundverordnung und dem Datenschutzgesetz stehen\nIhnen als betroffene Person unserer Datenverarbeitung folgende Rechte und\nRechtsbehelfe zu:<\/p>\n\n\n\n<p>\u2022 Recht auf Auskunft (Art. 15 EU-DSGVO)<br>\nSie haben als betroffene Person der oben beschriebenen und sonstigen\nDatenverarbeitung das Recht, Auskunft dar\u00fcber zu verlangen, ob und wenn ja,\nwelche personenbezogenen Daten \u00fcber sie verarbeitet werden. Zu Ihrem eigenen\nSchutz \u2013 damit niemand Unberechtigter Auskunft \u00fcber Ihre Daten erh\u00e4lt \u2013 werde\nich vor Auskunftserteilung ihre Identit\u00e4t in geeigneter Form nachpr\u00fcfen.<\/p>\n\n\n\n<p>\u2022 Recht auf Berichtigung (Art. 16) und L\u00f6schung (Art. 17 EU-DSGVO)<br>\nSie haben das Recht, unverz\u00fcglich die Berichtigung Sie betreffender unrichtiger\npersonenbezogener Daten bzw. \u2013 unter Ber\u00fccksichtigung der Zwecke der\nDatenverarbeitung \u2013 die Vervollst\u00e4ndigung unvollst\u00e4ndiger personenbezogener\nDaten sowie die L\u00f6schung Ihrer Daten zu verlangen, sofern die Kriterien des\nArt. 17 EU-DSGVO erf\u00fcllt sind.<\/p>\n\n\n\n<p>\u2022 Recht auf Einschr\u00e4nkung der Verarbeitung (Art. 18 EU-DSGVO)<br>\nSie haben unter den gesetzlichen Voraussetzungen das Recht auf Einschr\u00e4nkung\nder Verarbeitung s\u00e4mtlicher erhobener personenbezogener Daten. Diese Daten\nwerden ab dem Einschr\u00e4nkungsantrag nur mehr mit Ihrer individuellen\nEinwilligung bzw. zur Geltendmachung und Durchsetzung von Rechtsanspr\u00fcchen\nverarbeitet.<\/p>\n\n\n\n<p>\u2022 Recht auf Daten\u00fcbertragbarkeit (Art. 20 EU-DSGVO)<br>\nSie k\u00f6nnen die ungehinderte und uneingeschr\u00e4nkte \u00dcbermittlung von\npersonenbezogenen Daten, die Sie mir bereitgestellt haben, an Sie oder einen\nDritten verlangen.<\/p>\n\n\n\n<p>\u2022 Widerspruchsrecht (Art. 21 EU-DSGVO)<br>\nSie k\u00f6nnen aus Gr\u00fcnden, die sich aus ihrer besonderen Situation ergeben,\njederzeit Widerspruch gegen die Verarbeitung der Sie betreffenden personenbezogenen\nDaten, die zur Wahrung meiner berechtigten Interessen oder der eines Dritten\nerforderlich sind, einlegen. Ihre Daten werden nach Widerspruch nicht mehr\nverarbeitet, es sei denn, es liegen zwingende schutzw\u00fcrdige Gr\u00fcnde f\u00fcr die\nVerarbeitung vor, die Ihre Interessen, Rechte und Freiheiten \u00fcberwiegen oder\ndie Verarbeitung dient der Geltendmachung, Aus\u00fcbung oder Verteidigung von\nRechtsanspr\u00fcchen. Gegen die Datenverarbeitung zum Zweck der Direktwerbung\nk\u00f6nnen Sie jederzeit Widerspruch mit Wirkung f\u00fcr die Zukunft erheben.<\/p>\n\n\n\n<p>\u2022 Widerruf einer Einwilligung<br>\nFalls Sie separat eine Einwilligung zur Verarbeitung Ihrer Daten erteilt haben,\nk\u00f6nnen Sie diese jederzeit widerrufen. Ein solcher Widerruf beeinflusst die\nZul\u00e4ssigkeit der Verarbeitung Ihrer personenbezogenen Daten, nachdem Sie ihn mir\ngegen\u00fcber ausgesprochen haben.<br>\nErgreifen Sie eine Ma\u00dfnahme zur Durchsetzung Ihrer oben aufgef\u00fchrten Rechte aus\nder DSGVO, so habe ich unverz\u00fcglich, sp\u00e4testens aber innerhalb eines Monats\nnach Eingang Ihres Antrags, zur beantragten Ma\u00dfnahme Stellung zu nehmen bzw.\ndem Antrag zu entsprechen. Ich werde auf alle angemessenen Anfragen im\ngesetzlichen Rahmen unentgeltlich und m\u00f6glichst umgehend reagieren. F\u00fcr Antr\u00e4ge\nbetreffend Verletzung des Rechtes auf Auskunft, Verletzung der Rechte auf\nGeheimhaltung, auf Richtigstellung oder auf L\u00f6schung ist die Datenschutzbeh\u00f6rde\nzust\u00e4ndig.<\/p>\n\n\n\n<p>Deren Kontaktdaten lauten:<\/p>\n\n\n\n<p>\u00d6sterreichische Datenschutzbeh\u00f6rde<\/p>\n\n\n\n<p>Wickenburggasse 8, 1080 Wien<\/p>\n\n\n\n<p>dsb@dsb.gv.at<\/p>\n\n\n\n<p><strong>9.Kontaktinformationen \/\nAnsprechperson<\/strong><\/p>\n\n\n\n<p>Kontaktinformationen des Verantwortlichen<\/p>\n\n\n\n<p>B\u00f6hler GmbH, GF Mag. Michael B\u00f6hler<\/p>\n\n\n\n<p>+43 664 3572140<\/p>\n\n\n\n<p><a href=\"mailto:michael@boehler-training.at\">michael@boehler-training.at<\/a><\/p>\n\n\n\n<p>Stand: Mai 2018<\/p>\n\n\n\n<p><\/p>\n","protected":false},"excerpt":{"rendered":"<p>DATENSCHUTZ\u00adERKL\u00c4RUNG Diese Website wird betrieben von &#8222;B\u00f6hler GmbH&#8220; Vertreten durch Mag. Michael B\u00f6hler (Selbst\u00e4ndiger Trainer, eingetragener Unternehmensberater, eingetragener Mediator), in der Folge \u201eich\u201c, \u201emir\u201c, mit Sitz in der Sagm\u00fchle 10, 4204 Reichenau. In dieser Datenschutzerkl\u00e4rung wird von mir als Verantwortlichem nach Art. 4 Abs. 7 EU-DSGVO beschrieben, welche Daten bei Ihrem Besuch auf dieser Website &hellip; <\/p>\n<p class=\"link-more\"><a href=\"https:\/\/boehler-training.at\/index.php\/datenschutz\/\" class=\"more-link\">Continue reading<span class=\"screen-reader-text\"> &#8222;Datenschutz&#8220;<\/span><\/a><\/p>\n","protected":false},"author":1,"featured_media":0,"parent":0,"menu_order":0,"comment_status":"closed","ping_status":"closed","template":"","meta":{"footnotes":""},"_links":{"self":[{"href":"https:\/\/boehler-training.at\/index.php\/wp-json\/wp\/v2\/pages\/75"}],"collection":[{"href":"https:\/\/boehler-training.at\/index.php\/wp-json\/wp\/v2\/pages"}],"about":[{"href":"https:\/\/boehler-training.at\/index.php\/wp-json\/wp\/v2\/types\/page"}],"author":[{"embeddable":true,"href":"https:\/\/boehler-training.at\/index.php\/wp-json\/wp\/v2\/users\/1"}],"replies":[{"embeddable":true,"href":"https:\/\/boehler-training.at\/index.php\/wp-json\/wp\/v2\/comments?post=75"}],"version-history":[{"count":5,"href":"https:\/\/boehler-training.at\/index.php\/wp-json\/wp\/v2\/pages\/75\/revisions"}],"predecessor-version":[{"id":196,"href":"https:\/\/boehler-training.at\/index.php\/wp-json\/wp\/v2\/pages\/75\/revisions\/196"}],"wp:attachment":[{"href":"https:\/\/boehler-training.at\/index.php\/wp-json\/wp\/v2\/media?parent=75"}],"curies":[{"name":"wp","href":"https:\/\/api.w.org\/{rel}","templated":true}]}}